{"id":745,"date":"2025-07-10T13:35:46","date_gmt":"2025-07-10T13:35:46","guid":{"rendered":"https:\/\/kimtran.fr\/?post_type=product&#038;p=745"},"modified":"2026-04-24T04:03:41","modified_gmt":"2026-04-24T04:03:41","slug":"il-etait-une-fois-la-promesse-non-tenue-2","status":"publish","type":"product","link":"https:\/\/kimtran.fr\/es\/product\/il-etait-une-fois-la-promesse-non-tenue-2\/","title":{"rendered":"Il \u00e9tait une fois, la Promesse Non Tenue"},"content":{"rendered":"<p>[et_pb_section fb_built=&#8221;1&#8243; _builder_version=&#8221;4.16&#8243; custom_padding=&#8221;0px||4px||false|false&#8221; global_colors_info=&#8221;{}&#8221;][et_pb_row _builder_version=&#8221;4.16&#8243; background_size=&#8221;initial&#8221; background_position=&#8221;top_left&#8221; background_repeat=&#8221;repeat&#8221; width=&#8221;100%&#8221; custom_padding=&#8221;0px||0px||false|false&#8221; global_colors_info=&#8221;{}&#8221;][et_pb_column type=&#8221;4_4&#8243; _builder_version=&#8221;4.16&#8243; custom_padding=&#8221;|||&#8221; global_colors_info=&#8221;{}&#8221; custom_padding__hover=&#8221;|||&#8221;][et_pb_wc_cart_notice _builder_version=&#8221;4.27.4&#8243; global_colors_info=&#8221;{}&#8221;][\/et_pb_wc_cart_notice][\/et_pb_column][\/et_pb_row][\/et_pb_section][et_pb_section fb_built=&#8221;1&#8243; admin_label=&#8221;Product&#8221; _builder_version=&#8221;4.22.0&#8243; _module_preset=&#8221;default&#8221; background_color=&#8221;gcid-dc7481a9-d70d-4c29-b152-17b0ba30940e&#8221; locked=&#8221;off&#8221; collapsed=&#8221;on&#8221; global_colors_info=&#8221;{%22gcid-dc7481a9-d70d-4c29-b152-17b0ba30940e%22:%91%22background_color%22%93}&#8221;][et_pb_row column_structure=&#8221;1_2,1_2&#8243; _builder_version=&#8221;4.21.0&#8243; _module_preset=&#8221;default&#8221; background_size=&#8221;initial&#8221; background_position=&#8221;top_left&#8221; background_repeat=&#8221;repeat&#8221; custom_padding=&#8221;0px||||false|false&#8221; global_colors_info=&#8221;{}&#8221;][et_pb_column type=&#8221;1_2&#8243; _builder_version=&#8221;4.16&#8243; _module_preset=&#8221;default&#8221; custom_padding=&#8221;|||&#8221; global_colors_info=&#8221;{}&#8221; custom_padding__hover=&#8221;|||&#8221;][et_pb_wc_images sale_badge_color=&#8221;gcid-e428b4a0-8f75-478b-bc91-d4c919946667&#8243; _builder_version=&#8221;4.22.0&#8243; _module_preset=&#8221;default&#8221; sale_badge_font=&#8221;Inter|700||on|||||&#8221; sale_badge_text_color=&#8221;gcid-f0b81583-c55e-43e8-91ce-43dd9fe19dec&#8221; sale_badge_font_size=&#8221;14px&#8221; global_colors_info=&#8221;{%22gcid-e428b4a0-8f75-478b-bc91-d4c919946667%22:%91%22price_text_color%22,%22sale_badge_color%22,%22rating_text_color%22,%22icon_hover_color%22,%22price_text_color%22,%22sale_badge_color%22,%22rating_text_color%22,%22icon_hover_color%22,%22rating_text_color%22%93,%22gcid-f0b81583-c55e-43e8-91ce-43dd9fe19dec%22:%91%22sale_badge_text_color%22,%22sale_badge_text_color%22%93,%22gcid-9d0cae7c-074f-4d45-9577-f64cb1aa2c6b%22:%91%22title_text_color%22,%22product_title_text_color%22%93,%22gcid-39c39fce-5264-4a4c-9266-982a8a79f610%22:%91%22price_text_color%22%93}&#8221;][\/et_pb_wc_images][\/et_pb_column][et_pb_column type=&#8221;1_2&#8243; _builder_version=&#8221;4.16&#8243; _module_preset=&#8221;default&#8221; custom_padding=&#8221;|||&#8221; global_colors_info=&#8221;{}&#8221; custom_padding__hover=&#8221;|||&#8221;][et_pb_wc_breadcrumb _builder_version=&#8221;4.22.0&#8243; _module_preset=&#8221;default&#8221; body_font=&#8221;Poppins|700||on|||||&#8221; body_text_color=&#8221;gcid-e428b4a0-8f75-478b-bc91-d4c919946667&#8243; body_font_size=&#8221;14px&#8221; body_letter_spacing=&#8221;1px&#8221; global_colors_info=&#8221;{%22gcid-e428b4a0-8f75-478b-bc91-d4c919946667%22:%91%22body_text_color%22%93}&#8221;][\/et_pb_wc_breadcrumb][et_pb_wc_title _builder_version=&#8221;4.22.0&#8243; _module_preset=&#8221;default&#8221; header_font=&#8221;Playfair Display|700|||||||&#8221; header_text_color=&#8221;gcid-9d0cae7c-074f-4d45-9577-f64cb1aa2c6b&#8221; header_font_size=&#8221;52px&#8221; header_line_height=&#8221;1.2em&#8221; header_font_size_tablet=&#8221;40px&#8221; header_font_size_phone=&#8221;24px&#8221; header_font_size_last_edited=&#8221;on|desktop&#8221; global_colors_info=&#8221;{%22gcid-9d0cae7c-074f-4d45-9577-f64cb1aa2c6b%22:%91%22header_text_color%22%93}&#8221;][\/et_pb_wc_title][et_pb_wc_rating show_reviews_link=&#8221;off&#8221; _builder_version=&#8221;4.22.0&#8243; _module_preset=&#8221;default&#8221; rating_text_color=&#8221;gcid-e428b4a0-8f75-478b-bc91-d4c919946667&#8243; body_text_color=&#8221;gcid-9d0cae7c-074f-4d45-9577-f64cb1aa2c6b&#8221; global_colors_info=&#8221;{%22gcid-e428b4a0-8f75-478b-bc91-d4c919946667%22:%91%22rating_text_color%22%93,%22gcid-9d0cae7c-074f-4d45-9577-f64cb1aa2c6b%22:%91%22body_text_color%22%93}&#8221;][\/et_pb_wc_rating][et_pb_wc_description _builder_version=&#8221;4.22.0&#8243; _module_preset=&#8221;default&#8221; body_text_color=&#8221;gcid-9d0cae7c-074f-4d45-9577-f64cb1aa2c6b&#8221; body_line_height=&#8221;1.6em&#8221; global_colors_info=&#8221;{%22gcid-9d0cae7c-074f-4d45-9577-f64cb1aa2c6b%22:%91%22body_text_color%22%93}&#8221;][\/et_pb_wc_description][et_pb_wc_price _builder_version=&#8221;4.22.0&#8243; _module_preset=&#8221;default&#8221; body_font=&#8221;Poppins|600|||||||&#8221; body_text_color=&#8221;gcid-9d0cae7c-074f-4d45-9577-f64cb1aa2c6b&#8221; body_font_size=&#8221;32px&#8221; body_line_height=&#8221;1.4em&#8221; before_sale_price_text_color=&#8221;gcid-39c39fce-5264-4a4c-9266-982a8a79f610&#8243; body_font_size_tablet=&#8221;32px&#8221; body_font_size_phone=&#8221;24px&#8221; body_font_size_last_edited=&#8221;on|desktop&#8221; global_colors_info=&#8221;{%22gcid-9d0cae7c-074f-4d45-9577-f64cb1aa2c6b%22:%91%22body_text_color%22%93,%22gcid-39c39fce-5264-4a4c-9266-982a8a79f610%22:%91%22before_sale_price_text_color%22%93}&#8221;][\/et_pb_wc_price][et_pb_wc_add_to_cart _builder_version=&#8221;4.22.0&#8243; _module_preset=&#8221;default&#8221; fields_background_color=&#8221;RGBA(255,255,255,0)&#8221; fields_text_color=&#8221;gcid-f0b81583-c55e-43e8-91ce-43dd9fe19dec&#8221; fields_custom_padding=&#8221;16px|24px|16px|24px|true|true&#8221; dropdown_menus_background_color=&#8221;RGBA(255,255,255,0)&#8221; dropdown_menus_text_color=&#8221;gcid-f0b81583-c55e-43e8-91ce-43dd9fe19dec&#8221; field_label_font=&#8221;Poppins|700|||||||&#8221; field_label_text_color=&#8221;gcid-9d0cae7c-074f-4d45-9577-f64cb1aa2c6b&#8221; field_label_font_size=&#8221;16px&#8221; fields_font=&#8221;Inter|700||on|||||&#8221; fields_letter_spacing=&#8221;0.16em&#8221; custom_button=&#8221;on&#8221; button_text_size=&#8221;14px&#8221; button_text_color=&#8221;#FFFFFF&#8221; button_bg_color=&#8221;gcid-e428b4a0-8f75-478b-bc91-d4c919946667&#8243; button_border_width=&#8221;0px&#8221; button_border_radius=&#8221;0px&#8221; button_letter_spacing=&#8221;0.15em&#8221; button_font=&#8221;Inter|700||on|||||&#8221; button_custom_padding=&#8221;16px|24px|16px|24px|true|true&#8221; field_label_font_size_tablet=&#8221;15px&#8221; field_label_font_size_phone=&#8221;14px&#8221; field_label_font_size_last_edited=&#8221;on|desktop&#8221; border_radii_fields=&#8221;on|0px|0px|0px|0px&#8221; border_width_all_fields=&#8221;2px&#8221; border_color_all_fields=&#8221;gcid-f0b81583-c55e-43e8-91ce-43dd9fe19dec&#8221; border_width_all_dropdown_menus=&#8221;2px&#8221; border_color_all_dropdown_menus=&#8221;gcid-f0b81583-c55e-43e8-91ce-43dd9fe19dec&#8221; global_colors_info=&#8221;{%22gcid-93e3f830-9462-456c-bf95-d424ca32e812%22:%91%22form_field_text_color%22,%22border_color_all%22,%22form_field_text_color%22,%22border_color_all%22%93,%22gcid-e428b4a0-8f75-478b-bc91-d4c919946667%22:%91%22button_bg_color%22,%22title_link_text_color%22,%22link_text_color%22,%22error_text_color%22,%22button_bg_color%22,%22title_link_text_color%22,%22link_text_color%22,%22error_text_color%22%93,%22gcid-f0b81583-c55e-43e8-91ce-43dd9fe19dec%22:%91%22background_color%22,%22border_color_all_form_field%22,%22fields_text_color%22,%22border_color_all_fields%22,%22dropdown_menus_text_color%22,%22border_color_all_dropdown_menus%22%93,%22gcid-39c39fce-5264-4a4c-9266-982a8a79f610%22:%91%22content_text_color%22,%22content_text_color%22%93,%22gcid-9d0cae7c-074f-4d45-9577-f64cb1aa2c6b%22:%91%22field_label_text_color%22%93}&#8221;][\/et_pb_wc_add_to_cart][et_pb_wc_meta _builder_version=&#8221;4.22.0&#8243; _module_preset=&#8221;default&#8221; body_text_color=&#8221;gcid-9d0cae7c-074f-4d45-9577-f64cb1aa2c6b&#8221; body_line_height=&#8221;1.6em&#8221; link_text_color=&#8221;gcid-e428b4a0-8f75-478b-bc91-d4c919946667&#8243; border_color_all=&#8221;gcid-9d0cae7c-074f-4d45-9577-f64cb1aa2c6b&#8221; global_colors_info=&#8221;{%22gcid-e428b4a0-8f75-478b-bc91-d4c919946667%22:%91%22link_text_color%22%93,%22gcid-9d0cae7c-074f-4d45-9577-f64cb1aa2c6b%22:%91%22body_text_color%22,%22border_color_all%22%93}&#8221;][\/et_pb_wc_meta][\/et_pb_column][\/et_pb_row][\/et_pb_section][et_pb_section fb_built=&#8221;1&#8243; admin_label=&#8221;Product Info&#8221; _builder_version=&#8221;4.22.0&#8243; _module_preset=&#8221;default&#8221; background_color=&#8221;gcid-dc7481a9-d70d-4c29-b152-17b0ba30940e&#8221; locked=&#8221;off&#8221; collapsed=&#8221;on&#8221; global_colors_info=&#8221;{%22gcid-dc7481a9-d70d-4c29-b152-17b0ba30940e%22:%91%22background_color%22%93}&#8221;][et_pb_row column_structure=&#8221;1_2,1_2&#8243; _builder_version=&#8221;4.21.0&#8243; _module_preset=&#8221;default&#8221; global_colors_info=&#8221;{}&#8221;][et_pb_column type=&#8221;1_2&#8243; _builder_version=&#8221;4.21.0&#8243; _module_preset=&#8221;default&#8221; global_colors_info=&#8221;{}&#8221;][et_pb_text _builder_version=&#8221;4.27.4&#8243; _module_preset=&#8221;_initial&#8221; header_3_font=&#8221;Playfair Display|700|||||||&#8221; header_3_text_color=&#8221;gcid-9d0cae7c-074f-4d45-9577-f64cb1aa2c6b&#8221; header_3_font_size=&#8221;32px&#8221; header_3_line_height=&#8221;1.4em&#8221; custom_margin=&#8221;||10px||false|false&#8221; hover_enabled=&#8221;0&#8243; header_3_font_size_tablet=&#8221;20px&#8221; header_3_font_size_phone=&#8221;16px&#8221; header_3_font_size_last_edited=&#8221;on|desktop&#8221; global_colors_info=&#8221;{%22gcid-9d0cae7c-074f-4d45-9577-f64cb1aa2c6b%22:%91%22header_3_text_color%22%93}&#8221; sticky_enabled=&#8221;0&#8243;]<\/p>\n<h3>Plus sur le livre&#8230;<\/h3>\n<p>[\/et_pb_text][et_pb_wc_description description_type=&#8221;description&#8221; _builder_version=&#8221;4.22.0&#8243; _module_preset=&#8221;default&#8221; body_text_color=&#8221;gcid-9d0cae7c-074f-4d45-9577-f64cb1aa2c6b&#8221; body_line_height=&#8221;1.6em&#8221; locked=&#8221;off&#8221; global_colors_info=&#8221;{%22gcid-9d0cae7c-074f-4d45-9577-f64cb1aa2c6b%22:%91%22body_text_color%22%93}&#8221;][\/et_pb_wc_description][\/et_pb_column][et_pb_column type=&#8221;1_2&#8243; _builder_version=&#8221;4.21.0&#8243; _module_preset=&#8221;default&#8221; global_colors_info=&#8221;{}&#8221;][et_pb_wc_additional_info _builder_version=&#8221;4.22.0&#8243; _module_preset=&#8221;default&#8221; table_cell_background_color=&#8221;RGBA(255,255,255,0)&#8221; table_cell_custom_padding=&#8221;|||0px|false|false&#8221; body_text_color=&#8221;gcid-9d0cae7c-074f-4d45-9577-f64cb1aa2c6b&#8221; body_font_size=&#8221;16px&#8221; header_font=&#8221;Poppins|700|||||||&#8221; header_text_color=&#8221;gcid-9d0cae7c-074f-4d45-9577-f64cb1aa2c6b&#8221; header_font_size=&#8221;20px&#8221; header_line_height=&#8221;1.4em&#8221; attribute_font=&#8221;Inter|700|||||||&#8221; attribute_text_color=&#8221;gcid-9d0cae7c-074f-4d45-9577-f64cb1aa2c6b&#8221; attribute_font_size=&#8221;16px&#8221; background_color=&#8221;#FFFFFF&#8221; custom_padding=&#8221;30px|30px|30px|30px|true|true&#8221; custom_padding_tablet=&#8221;30px|30px|30px|30px|true|true&#8221; custom_padding_phone=&#8221;20px|20px|20px|20px|true|true&#8221; custom_padding_last_edited=&#8221;on|desktop&#8221; body_font_size_tablet=&#8221;15px&#8221; body_font_size_phone=&#8221;14px&#8221; body_font_size_last_edited=&#8221;on|desktop&#8221; header_font_size_tablet=&#8221;16px&#8221; header_font_size_phone=&#8221;14px&#8221; header_font_size_last_edited=&#8221;on|desktop&#8221; attribute_font_size_tablet=&#8221;15px&#8221; attribute_font_size_phone=&#8221;14px&#8221; attribute_font_size_last_edited=&#8221;on|tablet&#8221; border_color_all_table=&#8221;RGBA(255,255,255,0)&#8221; border_width_all_table_cell=&#8221;0px&#8221; border_color_all_table_cell=&#8221;#2b2651&#8243; border_style_all_table_cell=&#8221;solid&#8221; border_width_bottom_table_cell=&#8221;1px&#8221; box_shadow_style=&#8221;preset4&#8243; box_shadow_horizontal=&#8221;20px&#8221; box_shadow_vertical=&#8221;20px&#8221; box_shadow_color=&#8221;gcid-9d0cae7c-074f-4d45-9577-f64cb1aa2c6b&#8221; global_colors_info=&#8221;{%22gcid-9d0cae7c-074f-4d45-9577-f64cb1aa2c6b%22:%91%22body_text_color%22,%22attribute_text_color%22,%22box_shadow_color%22,%22header_text_color%22%93}&#8221;][\/et_pb_wc_additional_info][et_pb_code _builder_version=&#8221;4.27.4&#8243; _module_preset=&#8221;default&#8221; background_color=&#8221;#FFFFFF&#8221; min_height=&#8221;188.2px&#8221; custom_margin=&#8221;100px||||false|false&#8221; custom_padding=&#8221;15px|15px|15px|15px|false|false&#8221; hover_enabled=&#8221;0&#8243; global_colors_info=&#8221;{}&#8221; sticky_enabled=&#8221;0&#8243;]<div class=\"shortcode-site-reviews\"><div class=\"glsr glsr-default\" id=\"glsr_pw95v3kn\" data-from=\"shortcode\" data-shortcode=\"site_reviews\" data-hide=\"assigned_links\" data-pagination=\"loadmore\"><div class=\"glsr-reviews-wrap\">\n    <div class=\"glsr-reviews\">\n        <div class=\"glsr-review\" data-id=\"1073\" data-type=\"local\" id=\"review-1073\" data-assigned='[]'>\n    <div class=\"glsr-review-title\"><h4 class=\"glsr-tag-value\">Livre jaune, pour mettre en lumi\u00e8re ce qui n\u2019a pu \u00eatre vu<\/h4><\/div>\n    <div class=\"glsr-review-rating\"><div class=\"glsr-star-rating glsr-stars\" role=\"img\" aria-label=\"Valorado con 5 de 5 estrellas\" data-rating=\"5\" data-reviews=\"0\"><span class=\"glsr-star glsr-star-full\" aria-hidden=\"true\"><\/span><span class=\"glsr-star glsr-star-full\" aria-hidden=\"true\"><\/span><span class=\"glsr-star glsr-star-full\" aria-hidden=\"true\"><\/span><span class=\"glsr-star glsr-star-full\" aria-hidden=\"true\"><\/span><span class=\"glsr-star glsr-star-full\" aria-hidden=\"true\"><\/span><\/div><\/div> <div class=\"glsr-review-date\"><span class=\"glsr-tag-value\">03\/11\/2025<\/span><\/div>\n    \n    <div class=\"glsr-review-content\"><div class=\"glsr-tag-value\" data-expanded=\"false\"><p>Merci pour ces pas de danses aux rythmes des koans, des questionnements internes, des explications et des dessins presque vivants. Entre r\u00e9flexion et action, d\u00e9clic ou zone d\u2019ombre. L\u2019autre est n\u00e9cessaire pour y voir clair ! Livre jaune, pour mettre en lumi\u00e8re\u2026 ce qui n\u2019a pu \u00eatre vu. Le jour o\u00f9 il y a une formation je suis preneuse.<\/p>\n<\/div><\/div>\n    \n    <div class=\"glsr-review-author\"><span class=\"glsr-tag-value\">Anne-Sabine<\/span><\/div>  \n    \n<\/div>\n<div class=\"glsr-review\" data-id=\"1066\" data-type=\"local\" id=\"review-1066\" data-assigned='[]'>\n    <div class=\"glsr-review-title\"><h4 class=\"glsr-tag-value\">J'ai \u00e9t\u00e9 touch\u00e9e...<\/h4><\/div>\n    <div class=\"glsr-review-rating\"><div class=\"glsr-star-rating glsr-stars\" role=\"img\" aria-label=\"Valorado con 5 de 5 estrellas\" data-rating=\"5\" data-reviews=\"0\"><span class=\"glsr-star glsr-star-full\" aria-hidden=\"true\"><\/span><span class=\"glsr-star glsr-star-full\" aria-hidden=\"true\"><\/span><span class=\"glsr-star glsr-star-full\" aria-hidden=\"true\"><\/span><span class=\"glsr-star glsr-star-full\" aria-hidden=\"true\"><\/span><span class=\"glsr-star glsr-star-full\" aria-hidden=\"true\"><\/span><\/div><\/div> <div class=\"glsr-review-date\"><span class=\"glsr-tag-value\">03\/11\/2025<\/span><\/div>\n    \n    <div class=\"glsr-review-content\"><div class=\"glsr-tag-value\" data-expanded=\"false\"><p>Pour info j&#8217;ai offert votre livre \u00e0 ma s\u0153ur et je viens d&#8217;en recommander un pour moi sur votre site. J&#8217;adorerai une d\u00e9dicace ! D\u00e8s r\u00e9ception je le commence et vous fais un retour mais je dois te dire que ce que j&#8217;ai d\u00e9j\u00e0 vu me pla\u00eet beaucoup&#8230;.Premi\u00e8rement le petit prince est dans mon c\u0153ur depuis toujours et j&#8217;ai \u00e9t\u00e9 touch\u00e9e par la pr\u00e9sentation, ensuite j&#8217;ai regard\u00e9 la structure du livre et j&#8217;ai beaucoup aim\u00e9 l&#8217;introduction du propos par un Koan (je ne connaissais pas ce mot !). J&#8217;aime lire et je lis beaucoup mais avant tout j&#8217;aime l&#8217;objet en tant que tel et celui-ci est vraiment tr\u00e8s beau et m&#8217;a touch\u00e9 particuli\u00e8rement. Pour le fond, je me laisse le plaisir de la decouverte ! En tout cas bravo a tous les deux pour ce travail, vous faites une belle \u00e9quipe ! A bient\u00f4t ! Bises<\/p>\n<\/div><\/div>\n    \n    <div class=\"glsr-review-author\"><span class=\"glsr-tag-value\">Elise<\/span><\/div>  \n    \n<\/div>\n    <\/div>\n    \n<\/div><\/div><\/div>[\/et_pb_code][\/et_pb_column][\/et_pb_row][et_pb_row _builder_version=&#8221;4.27.4&#8243; _module_preset=&#8221;default&#8221; global_colors_info=&#8221;{}&#8221;][et_pb_column type=&#8221;4_4&#8243; _builder_version=&#8221;4.27.4&#8243; _module_preset=&#8221;default&#8221; global_colors_info=&#8221;{}&#8221;][et_pb_divider _builder_version=&#8221;4.27.4&#8243; _module_preset=&#8221;default&#8221; color=&#8221;#a0a0a0&#8243; hover_enabled=&#8221;0&#8243; sticky_enabled=&#8221;0&#8243;][\/et_pb_divider][et_pb_text _builder_version=&#8221;4.27.4&#8243; _module_preset=&#8221;default&#8221; header_2_font=&#8221;Playfair Display|700|||||||&#8221; header_2_text_color=&#8221;#2b2651&#8243; header_2_font_size=&#8221;32px&#8221; hover_enabled=&#8221;0&#8243; global_colors_info=&#8221;{}&#8221; sticky_enabled=&#8221;0&#8243;]<\/p>\n<h2>Avis : ce que les lecteurs en ont pens\u00e9&#8230;<\/h2>\n<p>[\/et_pb_text][et_pb_wc_reviews show_avatar=&#8221;off&#8221; show_count=&#8221;off&#8221; product=&#8221;745&#8243; _builder_version=&#8221;4.27.4&#8243; _module_preset=&#8221;default&#8221; form_field_background_color=&#8221;#FFFFFF&#8221; header_font_size=&#8221;20px&#8221; title_font=&#8221;Playfair Display|700|||||||&#8221; title_text_color=&#8221;#2b2651&#8243; title_font_size=&#8221;23px&#8221; title_line_height=&#8221;2em&#8221; rating_text_color=&#8221;#FFB356&#8243; rating_font_size=&#8221;19px&#8221; background_color=&#8221;RGBA(255,255,255,0)&#8221; custom_button=&#8221;on&#8221; button_text_color=&#8221;#FFFFFF&#8221; button_bg_color=&#8221;#FFB356&#8243; button_border_color=&#8221;RGBA(255,255,255,0)&#8221; button_icon=&#8221;&#x3d;||divi||400&#8243; button_icon_color=&#8221;#FFFFFF&#8221; button_alignment=&#8221;center&#8221; hover_enabled=&#8221;0&#8243; global_colors_info=&#8221;{}&#8221; sticky_enabled=&#8221;0&#8243;][\/et_pb_wc_reviews][\/et_pb_column][\/et_pb_row][\/et_pb_section]<\/p>\n","protected":false},"excerpt":{"rendered":"<p><strong>Tu as un projet qui te tient \u00e0 c\u0153ur, mais \u00e7a bloque ? Ce livre r\u00e9volutionnaire d\u00e9voile les ennemis invisibles qui sabotent tes projets : la Promesse Non Tenue, le Kia\u00ef, le Mensonge Personnel&#8230; \u00c0 travers des contes captivants, reprends enfin le contr\u00f4le de tes ambitions et sors de TA r\u00e9alit\u00e9 limitante pour entrer dans LA r\u00e9alit\u00e9 o\u00f9 tout devient possible.&#8221;<\/strong><\/p>\n<p>Livraison disponible via :<\/p>\n<ul>\n<li>Colissimo \u00e0 Domicile 48h (sans signature),<\/li>\n<li>Mondial Relay en 3 jours ouvr\u00e9s (en Point Relay)<\/li>\n<li>Remise en main propre par Kim ou Julie pour amis ou cercle proche (Lons et alentours uniquement &lt;10km)<br \/>\n<strong>Le choix se fait lors de la commande.<\/strong><\/li>\n<\/ul>","protected":false},"featured_media":651,"comment_status":"open","ping_status":"closed","template":"","meta":{"_et_pb_use_builder":"on","_et_pb_old_content":"<h2><strong>STOP aux projets qui capotent ! D\u00e9couvre ce qui te met hors jeu dans ce que tu entreprends et ce que tu cr\u00e9es.<\/strong><\/h2>\r\nTu as des r\u00eaves, des ambitions, des projets qui te tiennent \u00e0 c\u0153ur. Mais voil\u00e0 : \u00e7a bloque, \u00e7a ne d\u00e9colle pas, ou pire, tu te retrouves h<strong>ors jeu,<\/strong> \u00e9cart\u00e9 de ce que tu as cr\u00e9\u00e9. Sound familiar ? Ce <strong>\"hors jeu\",<\/strong> tu l'as peut-\u00eatre d\u00e9j\u00e0 v\u00e9cu, pas une pas deux, mais plusieurs fois. Et c'est tellement douloureux que tu as appuy\u00e9 sur \"pause\" pour ne plus avoir mal, par peur de te tromper ou simplement parce que tu ne sais plus quoi faire.\r\n\r\n<strong>Ce livre n'est pas un \u00e9ni\u00e8me guide sur la \"pens\u00e9e positive\" ni sur comment changer tes habitude ou ton comportement. On va chercher bien au-del\u00e0 des probl\u00e8mes de procrastination, d'autosabotage ou de simples croyances limitantes.<\/strong>\r\n\r\nKim Tran et Julie Kozlowski te proposent de d\u00e9couvrir les v\u00e9ritables saboteurs silencieux qui minent tes projets \u00e0 la racine :\r\n\r\n\u2022 <strong>La Promesse Non Tenue<\/strong> qui influence tes choix \u00e0 ton insu\r\n\u2022 <strong>Le Kia\u00ef<\/strong>, cette peur paralysante qui t'emp\u00eache d'agir\r\n\u2022 <strong>Le Mensonge Personnel<\/strong> et <strong>la<\/strong> <strong>Croyances de Survie<\/strong>\r\n\u2022 <strong>Les Pancartes<\/strong> qui t'enferment dans des choix impossibles\r\n\r\n\u00c0 travers des contes initiatiques, des koans inspirants et des \"Reality Check\" explosifs, ce livre t'accompagne pour :\r\n\r\n\u2713 <strong>Identifier pourquoi<\/strong> certains projets n'aboutissent pas quand d'autres d\u00e9collent\r\n\u2713 D\u00e9samorcer <strong>les freins invisibles<\/strong> qui sabotent ce que tu entreprends\r\n\u2713 Reprendre ton pouvoir dans <strong>LA r\u00e9alit\u00e9 o\u00f9 tout devient fluide<\/strong>\r\n\r\n<strong>Pour entrepreneurs, cr\u00e9atifs, porteurs de projets et tous ceux qui en ont marre de subir leur vie.<\/strong>","_et_gb_content_width":"","_glsr_average":0,"_glsr_ranking":0,"_glsr_reviews":0},"product_brand":[],"product_cat":[26],"product_tag":[],"class_list":{"0":"post-745","1":"product","2":"type-product","3":"status-publish","4":"has-post-thumbnail","6":"product_cat-livres","8":"first","9":"instock","10":"shipping-taxable","11":"purchasable","12":"product-type-simple"},"_links":{"self":[{"href":"https:\/\/kimtran.fr\/es\/wp-json\/wp\/v2\/product\/745","targetHints":{"allow":["GET"]}}],"collection":[{"href":"https:\/\/kimtran.fr\/es\/wp-json\/wp\/v2\/product"}],"about":[{"href":"https:\/\/kimtran.fr\/es\/wp-json\/wp\/v2\/types\/product"}],"replies":[{"embeddable":true,"href":"https:\/\/kimtran.fr\/es\/wp-json\/wp\/v2\/comments?post=745"}],"wp:featuredmedia":[{"embeddable":true,"href":"https:\/\/kimtran.fr\/es\/wp-json\/wp\/v2\/media\/651"}],"wp:attachment":[{"href":"https:\/\/kimtran.fr\/es\/wp-json\/wp\/v2\/media?parent=745"}],"wp:term":[{"taxonomy":"product_brand","embeddable":true,"href":"https:\/\/kimtran.fr\/es\/wp-json\/wp\/v2\/product_brand?post=745"},{"taxonomy":"product_cat","embeddable":true,"href":"https:\/\/kimtran.fr\/es\/wp-json\/wp\/v2\/product_cat?post=745"},{"taxonomy":"product_tag","embeddable":true,"href":"https:\/\/kimtran.fr\/es\/wp-json\/wp\/v2\/product_tag?post=745"}],"curies":[{"name":"wp","href":"https:\/\/api.w.org\/{rel}","templated":true}]}}